{"id":8,"date":"2023-02-15T19:17:17","date_gmt":"2023-02-15T18:17:17","guid":{"rendered":"https:\/\/ewangelicznywolomin.pl\/?page_id=8"},"modified":"2024-09-02T21:20:29","modified_gmt":"2024-09-02T19:20:29","slug":"home","status":"publish","type":"page","link":"https:\/\/ewangelicznywolomin.pl\/","title":{"rendered":"Home"},"content":{"rendered":"<p>[et_pb_section fb_built=&#8221;1&#8243; fullwidth=&#8221;on&#8221; admin_label=&#8221;Header&#8221; _builder_version=&#8221;4.19.5&#8243; background_image=&#8221;http:\/\/ewangelicznywolomin.pl\/wp-content\/uploads\/2023\/02\/aaron-burden-TNlHf4m4gpI-unsplash-scaled.jpg&#8221; global_colors_info=&#8221;{}&#8221;][et_pb_fullwidth_header title=&#8221;Witaj! Cieszymy si\u0119, \u017ce odwiedzi\u0142e\u015b nasz\u0105 stron\u0119! &#8221; subhead=&#8221;Jeste\u015bmy przekonani, \u017ce ko\u015bci\u00f3\u0142 to nie konkretny budynek, ale konkretni ludzie pragn\u0105cy by\u0107 jak najbli\u017cej Boga i kochaj\u0105cy innych ludzi.&#8221; text_orientation=&#8221;center&#8221; _builder_version=&#8221;4.19.5&#8243; title_font=&#8221;Didact Gothic||||||||&#8221; title_font_size=&#8221;60px&#8221; title_line_height=&#8221;1.3em&#8221; content_font=&#8221;||||||||&#8221; content_font_size=&#8221;16px&#8221; content_line_height=&#8221;2em&#8221; subhead_font=&#8221;Didact Gothic||||||||&#8221; subhead_font_size=&#8221;20px&#8221; subhead_line_height=&#8221;1.8em&#8221; background_color=&#8221;rgba(0,0,0,0)&#8221; use_background_color_gradient=&#8221;on&#8221; background_color_gradient_type=&#8221;circular&#8221; background_color_gradient_stops=&#8221;rgba(102,133,221,0.37) 0%|rgba(31,31,71,0.81) 53%&#8221; background_color_gradient_start=&#8221;rgba(102,133,221,0.37)&#8221; background_color_gradient_end=&#8221;rgba(31,31,71,0.81)&#8221; background_color_gradient_end_position=&#8221;53%&#8221; button_two_icon=&#8221;&#x49;||divi||400&#8243; button_two_icon_placement=&#8221;left&#8221; button_two_on_hover=&#8221;off&#8221; custom_padding=&#8221;10vw||10vw||true&#8221; custom_padding_tablet=&#8221;&#8221; custom_padding_phone=&#8221;||80px&#8221; custom_padding_last_edited=&#8221;on|phone&#8221; animation_style=&#8221;fade&#8221; animation_starting_opacity=&#8221;45%&#8221; title_font_size_tablet=&#8221;40px&#8221; title_font_size_phone=&#8221;30px&#8221; title_font_size_last_edited=&#8221;on|phone&#8221; subhead_font_size_tablet=&#8221;&#8221; subhead_font_size_phone=&#8221;18px&#8221; subhead_font_size_last_edited=&#8221;on|phone&#8221; global_colors_info=&#8221;{}&#8221;][\/et_pb_fullwidth_header][\/et_pb_section][et_pb_section fb_built=&#8221;1&#8243; admin_label=&#8221;Services&#8221; _builder_version=&#8221;4.16&#8243; background_image=&#8221;http:\/\/ewangelicznywolomin.pl\/wp-content\/uploads\/2023\/02\/church-03.jpg&#8221; background_size=&#8221;initial&#8221; background_position=&#8221;top_center&#8221; custom_padding=&#8221;0|0px|54px|0px|false|false&#8221; global_colors_info=&#8221;{}&#8221;][et_pb_row column_structure=&#8221;1_2,1_2&#8243; use_custom_gutter=&#8221;on&#8221; gutter_width=&#8221;1&#8243; module_id=&#8221;o-nas&#8221; _builder_version=&#8221;4.19.5&#8243; background_color=&#8221;rgba(126,190,197,0)&#8221; custom_padding=&#8221;25px|0px|27px|0px|false|false&#8221; global_colors_info=&#8221;{}&#8221;][et_pb_column type=&#8221;1_2&#8243; _builder_version=&#8221;4.16&#8243; custom_padding=&#8221;|||&#8221; global_colors_info=&#8221;{}&#8221; custom_padding__hover=&#8221;|||&#8221;][et_pb_cta title=&#8221;O NAS&#8221; button_url=&#8221;#&#8221; _builder_version=&#8221;4.19.5&#8243; header_font=&#8221;Didact Gothic||||||||&#8221; header_font_size=&#8221;36px&#8221; header_line_height=&#8221;1.5em&#8221; body_font=&#8221;||||||||&#8221; body_line_height=&#8221;2em&#8221; background_color=&#8221;#8ca3d1&#8243; custom_button=&#8221;on&#8221; button_text_size=&#8221;16px&#8221; button_text_color=&#8221;#ffffff&#8221; button_bg_color=&#8221;rgba(234,114,74,0)&#8221; button_border_width=&#8221;8px&#8221; button_border_color=&#8221;rgba(0,0,0,0)&#8221; button_border_radius=&#8221;0px&#8221; button_letter_spacing=&#8221;3px&#8221; button_font=&#8221;Didact Gothic|700||on|||||&#8221; button_use_icon=&#8221;off&#8221; animation_style=&#8221;slide&#8221; animation_direction=&#8221;top&#8221; animation_intensity_slide=&#8221;5%&#8221; header_font_size_tablet=&#8221;30px&#8221; header_font_size_phone=&#8221;20px&#8221; header_font_size_last_edited=&#8221;on|phone&#8221; box_shadow_style=&#8221;preset3&#8243; box_shadow_vertical=&#8221;20px&#8221; box_shadow_blur=&#8221;45px&#8221; box_shadow_spread=&#8221;-15px&#8221; box_shadow_color=&#8221;rgba(0,0,0,0.5)&#8221; box_shadow_style_button=&#8221;preset5&#8243; box_shadow_vertical_button=&#8221;0px&#8221; box_shadow_spread_button=&#8221;2px&#8221; box_shadow_color_button=&#8221;#ffffff&#8221; locked=&#8221;off&#8221; global_colors_info=&#8221;{}&#8221; box_shadow_vertical__hover=&#8221;32px&#8221; box_shadow_vertical__hover_enabled=&#8221;on&#8221; box_shadow_blur__hover=&#8221;105px&#8221; box_shadow_blur__hover_enabled=&#8221;on&#8221;]<\/p>\n<p><span style=\"font-weight: 400;\">Jeste\u015bmy ewangelicznymi chrze\u015bcijanami, kt\u00f3rzy s\u0105 cz\u0119\u015bci\u0105 Ko\u015bcio\u0142a Chrze\u015bcijan Wiary Ewangelicznej w RP.\u00a0<\/span><\/p>\n<p><span style=\"font-weight: 400;\">Pragniemy, aby w powiecie Wo\u0142omi\u0144skim powsta\u0142a spo\u0142eczno\u015b\u0107 ewangelicznych chrze\u015bcijan, kt\u00f3rzy rozmawiaj\u0105 o swoich\u00a0 pasjach, dziel\u0105 si\u0119 wyzwaniami, zmaganiami, ale te\u017c razem \u015bwi\u0119tuj\u0105 zwyci\u0119stwa. Ucz\u0105 si\u0119 by\u0107 wra\u017cliwi na potrzeby innych ludzi, na\u015bladuj\u0105c przy tym wszystkim Zbawc\u0119, Jezusa Chrystusa i buduj\u0105c na warto\u015bciach zawartych w Pi\u015bmie \u015awi\u0119tym.<\/span><\/p>\n<p><span style=\"font-weight: 400;\">Wiemy, \u017ce Pan B\u00f3g zna nas po imieniu, \u017ce chce dla nas jak najlepiej, nazywa nas swoimi przyjaci\u00f3\u0142mi, ale pragnie te\u017c, by zwraca\u0107 si\u0119 do Niego: Ojcze !\u00a0<\/span><\/p>\n<p><span style=\"font-weight: 400;\">On pomaga nam pokonywa\u0107 w\u0142asne s\u0142abo\u015bci i l\u0119ki. Widzimy, \u017ce interesuj\u0105 Go nasze rado\u015bci, marzenia i problemy.<\/span><\/p>\n<p><span style=\"font-weight: 400;\">Znamy Boga, z kt\u00f3rym mo\u017cna mie\u0107 codzienn\u0105 relacj\u0119, nie tylko od \u015bwi\u0119ta.<\/span><\/p>\n<p>[\/et_pb_cta][\/et_pb_column][et_pb_column type=&#8221;1_2&#8243; _builder_version=&#8221;4.16&#8243; custom_padding=&#8221;|||&#8221; global_colors_info=&#8221;{}&#8221; custom_padding__hover=&#8221;|||&#8221;][et_pb_cta title=&#8221;W CO WIERZYMY&#8221; button_url=&#8221;#&#8221; _builder_version=&#8221;4.19.5&#8243; header_font=&#8221;Didact Gothic||||||||&#8221; header_font_size=&#8221;36px&#8221; header_line_height=&#8221;1.5em&#8221; body_font=&#8221;||||||||&#8221; body_line_height=&#8221;2em&#8221; background_color=&#8221;rgba(126,190,197,0)&#8221; custom_button=&#8221;on&#8221; button_text_size=&#8221;16px&#8221; button_text_color=&#8221;#34587c&#8221; button_bg_color=&#8221;rgba(234,114,74,0)&#8221; button_border_width=&#8221;8px&#8221; button_border_color=&#8221;rgba(0,0,0,0)&#8221; button_border_radius=&#8221;0px&#8221; button_letter_spacing=&#8221;3px&#8221; button_font=&#8221;Didact Gothic|700||on|||||&#8221; button_use_icon=&#8221;off&#8221; background_layout=&#8221;light&#8221; custom_padding=&#8221;||0px|||&#8221; header_font_size_tablet=&#8221;30px&#8221; header_font_size_phone=&#8221;20px&#8221; header_font_size_last_edited=&#8221;on|phone&#8221; box_shadow_style_button=&#8221;preset5&#8243; box_shadow_vertical_button=&#8221;0px&#8221; box_shadow_spread_button=&#8221;2px&#8221; box_shadow_color_button=&#8221;rgba(81,103,120,0.48)&#8221; global_colors_info=&#8221;{}&#8221;]<\/p>\n<p><span style=\"font-weight: 400;\">Wierzymy w ka\u017cde s\u0142owo zapisane w Pi\u015bmie \u015awi\u0119tym.\u00a0<\/span><\/p>\n<p><span style=\"font-weight: 400;\">Wierzymy w Boga Ojca, kt\u00f3ry kocha wszystkich ludzi bardziej ni\u017c cokolwiek innego, i kt\u00f3rego mi\u0142o\u015b\u0107 jest wieczna i wykracza ponad wszelkie pojmowanie.\u00a0<\/span><\/p>\n<p><span style=\"font-weight: 400;\">Wierzymy w Jezusa Chrystusa, dla kt\u00f3rego nic co ludzkie, poza grzechem, nie by\u0142o obce.\u00a0<\/span><span style=\"font-weight: 400;\">Wierzymy w Niego jako jedynego po\u015brednika mi\u0119dzy Bogiem a lud\u017ami.\u00a0<\/span><\/p>\n<p><span style=\"font-weight: 400;\">Wierzymy w Ducha \u015awi\u0119tego, kt\u00f3ry jest naszym codziennym Pocieszycielem, i kt\u00f3ry w jasny spos\u00f3b prowadzi nas w \u017cyciu i posiada nieograniczone, niezawodne mo\u017cliwo\u015bci umacniania wiernych w Jezusie Chrystusie.<\/span><\/p>\n<p><span style=\"font-weight: 400;\">Wierzymy, \u017ce ka\u017cdy, kto szczerze wyzna swoje grzechy i poprosi Boga o przebaczenie, mo\u017ce zacz\u0105\u0107 osobist\u0105 relacj\u0119 z Nim i mie\u0107 ca\u0142kowit\u0105 pewno\u015b\u0107 swojego zbawienia i gwarancj\u0119 \u017cycia wiecznego po \u015bmierci.\u00a0<\/span><span style=\"font-weight: 400;\">\u017bycie z Jezusem jest pe\u0142ne wolno\u015bci, nadziei i ponadnaturalnego pokoju serca.<\/span><br \/><br style=\"font-weight: 400;\" \/><\/p>\n<p>[\/et_pb_cta][\/et_pb_column][\/et_pb_row][et_pb_row _builder_version=&#8221;4.19.5&#8243; custom_padding=&#8221;0px||1px|||&#8221; custom_width_px__hover=&#8221;1080px&#8221; custom_width_px__hover_enabled=&#8221;1080px&#8221; custom_width_percent__hover=&#8221;80%&#8221; custom_width_percent__hover_enabled=&#8221;80%&#8221; global_colors_info=&#8221;{}&#8221; make_fullwidth__hover=&#8221;off&#8221; make_fullwidth__hover_enabled=&#8221;off&#8221; use_custom_width__hover=&#8221;off&#8221; use_custom_width__hover_enabled=&#8221;off&#8221; width_unit__hover=&#8221;on&#8221; width_unit__hover_enabled=&#8221;on&#8221;][et_pb_column type=&#8221;4_4&#8243; _builder_version=&#8221;4.16&#8243; custom_padding=&#8221;|||&#8221; global_colors_info=&#8221;{}&#8221; custom_padding__hover=&#8221;|||&#8221;][et_pb_text _builder_version=&#8221;4.19.5&#8243; text_font=&#8221;||||||||&#8221; text_text_color=&#8221;rgba(0,0,0,0)&#8221; text_line_height=&#8221;2em&#8221; header_font=&#8221;||||||||&#8221; header_3_font=&#8221;Didact Gothic||||||||&#8221; header_3_font_size=&#8221;24px&#8221; header_3_line_height=&#8221;1.4em&#8221; use_background_color_gradient=&#8221;on&#8221; background_color_gradient_repeat=&#8221;on&#8221; background_color_gradient_direction=&#8221;160deg&#8221; background_color_gradient_stops=&#8221;rgba(145,143,188,0.74) 0%|rgba(140,132,188,0.94) 100%&#8221; background_color_gradient_overlays_image=&#8221;on&#8221; background_color_gradient_start=&#8221;rgba(145,143,188,0.74)&#8221; background_color_gradient_end=&#8221;rgba(140,132,188,0.94)&#8221; background_image=&#8221;http:\/\/ewangelicznywolomin.pl\/wp-content\/uploads\/2023\/02\/church-10.jpg&#8221; text_orientation=&#8221;center&#8221; background_layout=&#8221;dark&#8221; max_width_tablet=&#8221;&#8221; max_width_phone=&#8221;100%&#8221; max_width_last_edited=&#8221;on|desktop&#8221; module_alignment=&#8221;right&#8221; custom_margin=&#8221;||&#8221; custom_margin_phone=&#8221;|||0px&#8221; custom_margin_last_edited=&#8221;off|desktop&#8221; custom_padding=&#8221;120px|40px|0px|40px|false|true&#8221; custom_padding_tablet=&#8221;80px||&#8221; custom_padding_phone=&#8221;&#8221; custom_padding_last_edited=&#8221;on|tablet&#8221; animation_style=&#8221;zoom&#8221; animation_delay=&#8221;100ms&#8221; animation_intensity_zoom=&#8221;4%&#8221; link_option_url=&#8221;#&#8221; box_shadow_style=&#8221;preset3&#8243; box_shadow_vertical=&#8221;20px&#8221; box_shadow_blur=&#8221;45px&#8221; box_shadow_spread=&#8221;-15px&#8221; box_shadow_color=&#8221;rgba(0,0,0,0.5)&#8221; global_colors_info=&#8221;{}&#8221; text_text_color__hover_enabled=&#8221;on&#8221; text_text_color__hover=&#8221;#ffffff&#8221; custom_padding__hover_enabled=&#8221;on&#8221; custom_padding__hover=&#8221;60px||60px||true|false&#8221; box_shadow_blur__hover_enabled=&#8221;on&#8221; box_shadow_blur__hover=&#8221;105px&#8221; box_shadow_vertical__hover_enabled=&#8221;on&#8221; box_shadow_vertical__hover=&#8221;32px&#8221;]<\/p>\n<h3>MIEJSCE SPOTKA\u0143<\/h3>\n<p style=\"text-align: center;\"><span style=\"font-weight: 400; color: #f4f4f4;\">Spotykamy si\u0119 o godz 17:30 w ka\u017cd\u0105 ostatni\u0105 niedziel\u0119 miesi\u0105ca.<\/span><\/p>\n<p style=\"text-align: center;\"><span style=\"color: #f4f4f4; font-size: 14px;\">Maria\u0144ska 9A, 05-200 Wo\u0142omin<\/span><\/p>\n<p style=\"text-align: center;\"><span style=\"color: #f4f4f4; font-size: 14px;\"><span style=\"font-weight: 400; color: #f4f4f4;\">Hotel Livia &#8211; pierwsze pi\u0119tro<\/span><\/span><\/p>\n<p><span style=\"color: #f4f4f4;\">\u00a0<\/span><\/p>\n<p>[\/et_pb_text][\/et_pb_column][\/et_pb_row][\/et_pb_section][et_pb_section fb_built=&#8221;1&#8243; _builder_version=&#8221;4.19.5&#8243; _module_preset=&#8221;default&#8221; custom_padding=&#8221;||3px|||&#8221; global_colors_info=&#8221;{}&#8221;][et_pb_row _builder_version=&#8221;4.19.5&#8243; _module_preset=&#8221;default&#8221; custom_margin=&#8221;-73px|auto||auto||&#8221; global_colors_info=&#8221;{}&#8221;][et_pb_column type=&#8221;4_4&#8243; _builder_version=&#8221;4.19.5&#8243; _module_preset=&#8221;default&#8221; global_colors_info=&#8221;{}&#8221;][et_pb_video src=&#8221;https:\/\/www.youtube.com\/watch?v=V_WNlbK1NdM&#8221; _builder_version=&#8221;4.19.5&#8243; _module_preset=&#8221;default&#8221; global_colors_info=&#8221;{}&#8221;][\/et_pb_video][\/et_pb_column][\/et_pb_row][\/et_pb_section][et_pb_section fb_built=&#8221;1&#8243; admin_label=&#8221;Footer&#8221; _builder_version=&#8221;4.19.5&#8243; background_color=&#8221;#8ca3d1&#8243; use_background_color_gradient=&#8221;on&#8221; background_color_gradient_type=&#8221;circular&#8221; background_color_gradient_direction_radial=&#8221;top left&#8221; background_color_gradient_stops=&#8221;rgba(83,104,158,0.92) 25%|rgba(33,50,94,0.86) 70%&#8221; background_color_gradient_overlays_image=&#8221;on&#8221; background_color_gradient_start=&#8221;rgba(83,104,158,0.92)&#8221; background_color_gradient_start_position=&#8221;25%&#8221; background_color_gradient_end=&#8221;rgba(33,50,94,0.86)&#8221; background_color_gradient_end_position=&#8221;70%&#8221; background_image=&#8221;http:\/\/ewangelicznywolomin.pl\/wp-content\/uploads\/2023\/02\/church-01.jpg&#8221; background_blend=&#8221;multiply&#8221; max_width=&#8221;90%&#8221; module_alignment=&#8221;center&#8221; custom_margin=&#8221;||5%&#8221; custom_padding=&#8221;39px|0px|39px|0px|true|false&#8221; animation_style=&#8221;slide&#8221; animation_direction=&#8221;bottom&#8221; animation_intensity_slide=&#8221;2%&#8221; box_shadow_style=&#8221;preset1&#8243; box_shadow_vertical=&#8221;-10px&#8221; box_shadow_blur=&#8221;60px&#8221; global_colors_info=&#8221;{}&#8221;][et_pb_row _builder_version=&#8221;4.19.5&#8243; _module_preset=&#8221;default&#8221; background_image=&#8221;http:\/\/ewangelicznywolomin.pl\/wp-content\/uploads\/2023\/02\/church-01.jpg&#8221; border_radii=&#8221;on|15px|15px|15px|15px&#8221; global_colors_info=&#8221;{}&#8221;][et_pb_column type=&#8221;4_4&#8243; _builder_version=&#8221;4.19.5&#8243; _module_preset=&#8221;default&#8221; global_colors_info=&#8221;{}&#8221;][et_pb_cta button_url=&#8221;#&#8221; _builder_version=&#8221;4.19.5&#8243; header_font=&#8221;|700|||||||&#8221; header_font_size=&#8221;18px&#8221; header_line_height=&#8221;1.6em&#8221; body_line_height=&#8221;2em&#8221; background_color=&#8221;#8ca3d1&#8243; custom_button=&#8221;on&#8221; button_text_size=&#8221;16px&#8221; button_text_color=&#8221;#ffffff&#8221; button_bg_color=&#8221;rgba(234,114,74,0)&#8221; button_border_width=&#8221;8px&#8221; button_border_color=&#8221;rgba(0,0,0,0)&#8221; button_border_radius=&#8221;0px&#8221; button_letter_spacing=&#8221;3px&#8221; button_font=&#8221;Didact Gothic|700||on|||||&#8221; button_use_icon=&#8221;off&#8221; custom_margin=&#8221;||&#8221; custom_padding=&#8221;|||42px||&#8221; box_shadow_style_button=&#8221;preset5&#8243; box_shadow_vertical_button=&#8221;0px&#8221; box_shadow_spread_button=&#8221;2px&#8221; box_shadow_color_button=&#8221;#ffffff&#8221; locked=&#8221;off&#8221; global_colors_info=&#8221;{}&#8221;]<\/p>\n<p><span style=\"font-weight: 400; font-size: medium;\">Je\u015bli mieszkasz w Wo\u0142ominie lub w powiecie Wo\u0142omi\u0144skim i warto\u015bci, kt\u00f3re wyznajemy s\u0105 Tobie bliskie, to zapraszamy do kontaktu i wsp\u00f3lnej podr\u00f3\u017cy!\u00a0<\/span><\/p>\n<p><span style=\"font-weight: 400; font-size: medium;\">Podziel si\u0119 z nami swoimi talentami i zaanga\u017cuj si\u0119. Je\u015bli masz pytania to \u015bmia\u0142o pisz. <\/span><\/p>\n<p><span style=\"font-weight: 400; font-size: medium;\">Zostaw do siebie kontakt, a napewno si\u0119 do Ciebie odezwiemy.\u00a0<\/span><\/p>\n<p><span style=\"font-size: large;\"><strong><\/strong><\/span><\/p>\n<p><span style=\"font-size: small;\"><strong><a href=\"mailto:myslewangelicznie@gmail.com\"><span style=\"color: #ffffff;\"><span style=\"color: #000000;\">Gmail:<\/span> myslewangelicznie@gmail.com<\/span><\/a><\/strong><\/span><\/p>\n<p><span style=\"font-size: small;\"><strong><span style=\"color: #000000;\">Telefon: <\/span>532 486 620<\/strong><\/span><\/p>\n<p>[\/et_pb_cta][\/et_pb_column][\/et_pb_row][et_pb_row module_id=&#8221;kontakt&#8221; _builder_version=&#8221;4.19.5&#8243; global_colors_info=&#8221;{}&#8221;][et_pb_column type=&#8221;4_4&#8243; _builder_version=&#8221;4.16&#8243; custom_padding=&#8221;|||&#8221; global_colors_info=&#8221;{}&#8221; custom_padding__hover=&#8221;|||&#8221;][et_pb_social_media_follow _builder_version=&#8221;4.19.5&#8243; text_orientation=&#8221;center&#8221; border_radii=&#8221;on|0px|0px|0px|0px&#8221; global_colors_info=&#8221;{}&#8221;][et_pb_social_media_follow_network social_network=&#8221;facebook&#8221; url=&#8221;https:\/\/www.facebook.com\/profile.php?id=100070779594253&#8243; _builder_version=&#8221;4.19.5&#8243; background_color=&#8221;#a0beef&#8221; custom_margin=&#8221;|6px||6px||true&#8221; custom_padding=&#8221;10px|10px|10px|10px|true|true&#8221; global_colors_info=&#8221;{}&#8221; follow_button=&#8221;off&#8221; url_new_window=&#8221;on&#8221;]facebook[\/et_pb_social_media_follow_network][et_pb_social_media_follow_network social_network=&#8221;instagram&#8221; url=&#8221;https:\/\/www.instagram.com\/dobra_nowina_dla_wolomina\/&#8221; _builder_version=&#8221;4.19.5&#8243; background_color=&#8221;#a0beef&#8221; custom_margin=&#8221;|6px||6px||true&#8221; custom_padding=&#8221;10px|10px|10px|10px|true|true&#8221; global_colors_info=&#8221;{}&#8221; follow_button=&#8221;off&#8221; url_new_window=&#8221;on&#8221;]instagram[\/et_pb_social_media_follow_network][et_pb_social_media_follow_network social_network=&#8221;youtube&#8221; url=&#8221;https:\/\/www.youtube.com\/@myslewangelicznie2288&#8243; _builder_version=&#8221;4.19.5&#8243; background_color=&#8221;#a0beef&#8221; custom_margin=&#8221;|6px||6px||true&#8221; custom_padding=&#8221;10px|10px|10px|10px|true|true&#8221; global_colors_info=&#8221;{}&#8221; follow_button=&#8221;off&#8221; url_new_window=&#8221;on&#8221;]youtube[\/et_pb_social_media_follow_network][\/et_pb_social_media_follow][\/et_pb_column][\/et_pb_row][\/et_pb_section]<\/p>\n","protected":false},"excerpt":{"rendered":"<p>Jeste\u015bmy ewangelicznymi chrze\u015bcijanami, kt\u00f3rzy s\u0105 cz\u0119\u015bci\u0105 Ko\u015bcio\u0142a Chrze\u015bcijan Wiary Ewangelicznej w RP.\u00a0 Pragniemy, aby w powiecie Wo\u0142omi\u0144skim powsta\u0142a spo\u0142eczno\u015b\u0107 ewangelicznych chrze\u015bcijan, kt\u00f3rzy rozmawiaj\u0105 o swoich\u00a0 pasjach, dziel\u0105 si\u0119 wyzwaniami, zmaganiami, ale te\u017c razem \u015bwi\u0119tuj\u0105 zwyci\u0119stwa. Ucz\u0105 si\u0119 by\u0107 wra\u017cliwi na potrzeby innych ludzi, na\u015bladuj\u0105c przy tym wszystkim Zbawc\u0119, Jezusa Chrystusa i buduj\u0105c na warto\u015bciach zawartych [&hellip;]<\/p>\n","protected":false},"author":2,"featured_media":0,"parent":0,"menu_order":0,"comment_status":"closed","ping_status":"closed","template":"","meta":{"_et_pb_use_builder":"on","_et_pb_old_content":"","_et_gb_content_width":"","footnotes":""},"class_list":["post-8","page","type-page","status-publish","hentry"],"_links":{"self":[{"href":"https:\/\/ewangelicznywolomin.pl\/index.php?rest_route=\/wp\/v2\/pages\/8","targetHints":{"allow":["GET"]}}],"collection":[{"href":"https:\/\/ewangelicznywolomin.pl\/index.php?rest_route=\/wp\/v2\/pages"}],"about":[{"href":"https:\/\/ewangelicznywolomin.pl\/index.php?rest_route=\/wp\/v2\/types\/page"}],"author":[{"embeddable":true,"href":"https:\/\/ewangelicznywolomin.pl\/index.php?rest_route=\/wp\/v2\/users\/2"}],"replies":[{"embeddable":true,"href":"https:\/\/ewangelicznywolomin.pl\/index.php?rest_route=%2Fwp%2Fv2%2Fcomments&post=8"}],"version-history":[{"count":11,"href":"https:\/\/ewangelicznywolomin.pl\/index.php?rest_route=\/wp\/v2\/pages\/8\/revisions"}],"predecessor-version":[{"id":55,"href":"https:\/\/ewangelicznywolomin.pl\/index.php?rest_route=\/wp\/v2\/pages\/8\/revisions\/55"}],"wp:attachment":[{"href":"https:\/\/ewangelicznywolomin.pl\/index.php?rest_route=%2Fwp%2Fv2%2Fmedia&parent=8"}],"curies":[{"name":"wp","href":"https:\/\/api.w.org\/{rel}","templated":true}]}}